{"id":20,"date":"2025-07-25T15:13:22","date_gmt":"2025-07-25T15:13:22","guid":{"rendered":"http:\/\/earpwzv.cluster021.hosting.ovh.net\/?page_id=20"},"modified":"2025-09-02T15:11:51","modified_gmt":"2025-09-02T15:11:51","slug":"inscriptions-et-activites","status":"publish","type":"page","link":"https:\/\/apogonplongee.fr\/index.php\/inscriptions-et-activites\/","title":{"rendered":"Inscriptions et activit\u00e9s"},"content":{"rendered":"\n<p><\/p>\n\n\n\n<h2 class=\"wp-block-heading\">Dossier d&#8217;inscription 2025-2026<\/h2>\n\n\n\n<p>Le dossier d&#8217;inscription est \u00e0 nous remettre \u00e0 votre arriv\u00e9e dans l&#8217;association, puis pour chaque r\u00e9inscription, sous format papier.<\/p>\n\n\n\n<p>Pour les mineurs, l&#8217;autorisation parentale est obligatoire.<\/p>\n\n\n\n<p><strong>NB<\/strong> : toute inscription ou r\u00e9inscription doit \u00eatre accompagn\u00e9e d&#8217;un certificat m\u00e9dical \u00e9tabli selon les conditions du r\u00e8glement int\u00e9rieur (tout m\u00e9decin pour plonger jusqu&#8217;\u00e0 20 m\u00e8tres, m\u00e9decin sp\u00e9cialis\u00e9 au-del\u00e0 de 20 m\u00e8tres).<\/p>\n\n\n\n<p>\u200b<\/p>\n\n\n\n<h5 class=\"wp-block-heading\">FICHE D&#8217;INSCRIPTION 2025-2026<\/h5>\n\n\n\n<p><a href=\"https:\/\/www.dropbox.com\/scl\/fi\/sblq1pqum2wy39yq8f0f8\/2025-Adhesion-asso.pdf?rlkey=n11jskw1zfzlbub2kiybfjhil&amp;st=0o5o2lp0&amp;dl=0\" target=\"_blank\" rel=\"noreferrer noopener\">Click!<\/a><\/p>\n\n\n\n<h5 class=\"wp-block-heading\">L\u00c9GISLATION PLONG\u00c9E<\/h5>\n\n\n\n<p>(pour information)<\/p>\n\n\n\n<p><a href=\"https:\/\/plongee-fsgt.org\/reglementation\/\" target=\"_blank\" rel=\"noreferrer noopener\">Click!<\/a><\/p>\n\n\n\n<p>Pour les plongeurs mineurs, voici les documents \u00e0 ajouter \u00e0 votre dossier :<\/p>\n\n\n\n<h5 class=\"wp-block-heading\">AUTORISATION<br>PARENTALE<\/h5>\n\n\n\n<p>(obligatoire pour les mineurs)<\/p>\n\n\n\n<p><a href=\"https:\/\/www.dropbox.com\/scl\/fi\/sblq1pqum2wy39yq8f0f8\/2025-Adhesion-asso.pdf?rlkey=n11jskw1zfzlbub2kiybfjhil&amp;st=96985dea&amp;dl=0\" target=\"_blank\" rel=\"noreferrer noopener\">Click!<\/a><\/p>\n\n\n\n<h2 class=\"wp-block-heading\">Adh\u00e9sion \u00e0 l&#8217;association<\/h2>\n\n\n\n<p>\u200b\u200bInscription ou r\u00e9inscription ouvertes pour l&#8217;ann\u00e9e 2025-2026 d\u00e8s le 1er ao\u00fbt 2025<\/p>\n\n\n\n<p><strong>NB<\/strong> : Tous les r\u00e8glements se font via le service HelloAsso. Il s&#8217;agit d&#8217;une solution de paiement pour les associations qui est \u00e9thique et solidaire. Elle ne nous co\u00fbte rien mais repose sur le fait que chacun laisse ce qu&#8217;il souhaite lorsqu&#8217;il l&#8217;utilise. Pas de consigne de notre part si ce n&#8217;est de laisser ce que vous pensez juste pour un service bancaire s\u00e9curis\u00e9.<\/p>\n\n\n\n<h5 class=\"wp-block-heading\">Adh\u00e9sion 2025-2026<\/h5>\n\n\n\n<p><a href=\"https:\/\/www.helloasso.com\/associations\/apogon-plongee\/adhesions\/adhesion-annuelle-2025-2026\" target=\"_blank\" rel=\"noreferrer noopener\">C&#8217;est par ici !<\/a><\/p>\n\n\n\n<h5 class=\"wp-block-heading\">Garanties assurance 2025-2026<\/h5>\n\n\n\n<p>(pour information)<\/p>\n\n\n\n<p><a href=\"https:\/\/www.fsgt.org\/wp-content\/uploads\/2025\/08\/FSGT-ASSURANCE-IA-NOTICE-DINFORMATION-2025-26-VF.pdf\" target=\"_blank\" rel=\"noreferrer noopener\">Click!<\/a><\/p>\n\n\n\n<p><\/p>\n\n\n\n<h2 class=\"wp-block-heading\">R\u00e9gler ses activit\u00e9s<\/h2>\n\n\n\n<p>Vous trouverez ici les liens vers les pages de paiement Helloasso pour r\u00e9gler vos activit\u00e9s au sein de l&#8217;association.<\/p>\n\n\n\n<h5 class=\"wp-block-heading\">Plong\u00e9es et formations<\/h5>\n\n\n\n<p><a href=\"https:\/\/www.helloasso.com\/associations\/apogon-plongee\/evenements\/activites-de-plongee-2025-2026\" target=\"_blank\" rel=\"noreferrer noopener\">Par ici !<\/a><\/p>\n\n\n\n<h5 class=\"wp-block-heading\">Sorties<\/h5>\n\n\n\n<p>Pentec\u00f4te<em> 2025 : Hy\u00e8res (4-6 plgs)<\/em><\/p>\n\n\n\n<p><em>Juin 2025 : Cap Roux (2 plgs)<\/em><\/p>\n","protected":false},"excerpt":{"rendered":"<p>Dossier d&#8217;inscription 2025-2026 Le dossier d&#8217;inscription est \u00e0 nous remettre \u00e0 votre arriv\u00e9e dans l&#8217;association, puis pour chaque r\u00e9inscription, sous format papier. Pour les mineurs, l&#8217;autorisation parentale est obligatoire. NB : toute inscription ou r\u00e9inscription doit \u00eatre accompagn\u00e9e d&#8217;un certificat m\u00e9dical \u00e9tabli selon les conditions du r\u00e8glement int\u00e9rieur (tout m\u00e9decin pour plonger jusqu&#8217;\u00e0 20 m\u00e8tres, [&hellip;]<\/p>\n","protected":false},"author":1,"featured_media":0,"parent":0,"menu_order":0,"comment_status":"closed","ping_status":"closed","template":"","meta":{"footnotes":""},"class_list":["post-20","page","type-page","status-publish","hentry"],"_links":{"self":[{"href":"https:\/\/apogonplongee.fr\/index.php\/wp-json\/wp\/v2\/pages\/20","targetHints":{"allow":["GET"]}}],"collection":[{"href":"https:\/\/apogonplongee.fr\/index.php\/wp-json\/wp\/v2\/pages"}],"about":[{"href":"https:\/\/apogonplongee.fr\/index.php\/wp-json\/wp\/v2\/types\/page"}],"author":[{"embeddable":true,"href":"https:\/\/apogonplongee.fr\/index.php\/wp-json\/wp\/v2\/users\/1"}],"replies":[{"embeddable":true,"href":"https:\/\/apogonplongee.fr\/index.php\/wp-json\/wp\/v2\/comments?post=20"}],"version-history":[{"count":8,"href":"https:\/\/apogonplongee.fr\/index.php\/wp-json\/wp\/v2\/pages\/20\/revisions"}],"predecessor-version":[{"id":92,"href":"https:\/\/apogonplongee.fr\/index.php\/wp-json\/wp\/v2\/pages\/20\/revisions\/92"}],"wp:attachment":[{"href":"https:\/\/apogonplongee.fr\/index.php\/wp-json\/wp\/v2\/media?parent=20"}],"curies":[{"name":"wp","href":"https:\/\/api.w.org\/{rel}","templated":true}]}}