{"id":2,"date":"2025-07-25T14:31:32","date_gmt":"2025-07-25T14:31:32","guid":{"rendered":"http:\/\/earpwzv.cluster021.hosting.ovh.net\/?page_id=2"},"modified":"2025-07-31T14:01:49","modified_gmt":"2025-07-31T14:01:49","slug":"accueil","status":"publish","type":"page","link":"https:\/\/apogonplongee.fr\/index.php\/accueil\/","title":{"rendered":"Accueil"},"content":{"rendered":"\n<div class=\"wp-block-cover alignfull\"><img loading=\"lazy\" decoding=\"async\" width=\"2560\" height=\"1705\" class=\"wp-block-cover__image-background wp-image-36\" alt=\"\" src=\"http:\/\/earpwzv.cluster021.hosting.ovh.net\/wp-content\/uploads\/2025\/07\/Apogon-scaled.jpg\" data-object-fit=\"cover\" srcset=\"https:\/\/apogonplongee.fr\/wp-content\/uploads\/2025\/07\/Apogon-scaled.jpg 2560w, https:\/\/apogonplongee.fr\/wp-content\/uploads\/2025\/07\/Apogon-300x200.jpg 300w, https:\/\/apogonplongee.fr\/wp-content\/uploads\/2025\/07\/Apogon-1024x682.jpg 1024w, https:\/\/apogonplongee.fr\/wp-content\/uploads\/2025\/07\/Apogon-768x512.jpg 768w, https:\/\/apogonplongee.fr\/wp-content\/uploads\/2025\/07\/Apogon-1536x1023.jpg 1536w, https:\/\/apogonplongee.fr\/wp-content\/uploads\/2025\/07\/Apogon-2048x1364.jpg 2048w\" sizes=\"auto, (max-width: 2560px) 100vw, 2560px\" \/><span aria-hidden=\"true\" class=\"wp-block-cover__background has-background-dim\"><\/span><div class=\"wp-block-cover__inner-container is-layout-flow wp-block-cover-is-layout-flow\">\n<p class=\"has-text-align-right\" style=\"font-size:65px;\"><strong>Apogon Plong\u00e9e<\/strong><\/p><br><br><p class=\"has-text-align-right\" style=\"font-size:20px;\">Association ven\u00e7oise de plong\u00e9e loisir<\/p>\n<\/div><\/div>\n\n\n\n<h2 class=\"wp-block-heading has-text-align-center\">Le projet &#8220;Apogons&#8221;<\/h2>\n\n\n\n<p><\/p>\n\n\n\n<p><\/p>\n\n\n\n<p class=\"has-text-align-center is-style-default\">L&#8217;apogon (<em>apogon imberbis<\/em>) est un poisson de M\u00e9diterran\u00e9e tr\u00e8s courant mais trop peu souvent observ\u00e9 : il vit cach\u00e9, sort peu le jour, ne s&#8217;\u00e9loigne gu\u00e8re de son abri, bref c&#8217;est un animal discret. Soyons \u00e0 la mer ce que l&#8217;apogon est pour nous : des \u00eatres modestes, peu tapageurs et peu intrusifs dans ce milieu qui n&#8217;est pas le n\u00f4tre.<\/p>\n\n\n\n<div class=\"wp-block-group is-nowrap is-layout-flex wp-container-core-group-is-layout-6c531013 wp-block-group-is-layout-flex\">\n<p class=\"has-text-align-center\">L&#8217;association a pour projet de regrouper des Ven\u00e7ois.es, mais pas seulement, autour de la d\u00e9couverte (et donc la sensibilisation \u00e0 la fragilit\u00e9) de ce milieu si particulier qu&#8217;est la mer. Cela passe par la formation sportive, technique et scientifique mais toujours dans un cadre associatif et convivial.<\/p>\n<\/div>\n\n\n\n<p class=\"has-text-align-center\">Partageons nos savoirs et nos savoirs faire afin de nous \u00e9merveiller, en toute s\u00e9curit\u00e9, dans ce monde si fascinant qu&#8217;est l&#8217;Oc\u00e9an !<\/p>\n\n\n\n<figure class=\"wp-block-image alignfull size-large\"><img loading=\"lazy\" decoding=\"async\" width=\"1024\" height=\"768\" src=\"http:\/\/earpwzv.cluster021.hosting.ovh.net\/wp-content\/uploads\/2025\/07\/Laurie-palier-1024x768.jpg\" alt=\"\" class=\"wp-image-44\" srcset=\"https:\/\/apogonplongee.fr\/wp-content\/uploads\/2025\/07\/Laurie-palier-1024x768.jpg 1024w, https:\/\/apogonplongee.fr\/wp-content\/uploads\/2025\/07\/Laurie-palier-300x225.jpg 300w, https:\/\/apogonplongee.fr\/wp-content\/uploads\/2025\/07\/Laurie-palier-768x576.jpg 768w, https:\/\/apogonplongee.fr\/wp-content\/uploads\/2025\/07\/Laurie-palier-1536x1152.jpg 1536w, https:\/\/apogonplongee.fr\/wp-content\/uploads\/2025\/07\/Laurie-palier-2048x1536.jpg 2048w\" sizes=\"auto, (max-width: 1024px) 100vw, 1024px\" \/><\/figure>\n\n\n\n<h2 class=\"wp-block-heading has-text-align-center\">Pourquoi la plong\u00e9e associative ?<\/h2>\n\n\n\n<p><\/p>\n\n\n\n<p><\/p>\n\n\n\n<p class=\"has-text-align-center\"><br>Pour l&#8217;\u00e9change, les exp\u00e9riences communes, le temps sur l&#8217;eau (et sous l&#8217;eau) et plein d&#8217;autres raisons&#8230; Notre souhait est de f\u00e9d\u00e9rer un groupe de personnes qui appr\u00e9cient le partage et la convivialit\u00e9. L&#8217;objectif est de faire vivre une association sportive dont l&#8217;activit\u00e9 principale est la plong\u00e9e sous-marine, mais pas uniquement.<\/p>\n\n\n\n<p class=\"has-text-align-center\">Ce projet s&#8217;adresse surtout \u00e0 ceux qui sont pr\u00eats \u00e0 participer, \u00e0 s&#8217;impliquer ; \u00e0 ceux qui pr\u00e9f\u00e8rent partager du temps que de l&#8217;argent ; \u00e0 ceux qui se payent avec la satisfaction des autres. Alors c&#8217;est s\u00fbr, ils ne seront peut-\u00eatre pas l\u00e0 tout le temps ou pr\u00eats \u00e0 tout faire, mais ils auront toujours cette envie de faire d\u00e9couvrir et d&#8217;explorer la mer, pas pour eux mais tous ensemble.<\/p>\n\n\n\n<p class=\"has-text-align-center\">Nous partons avec peu (un peu de mat\u00e9riel et beaucoup de bonne volont\u00e9) : &#8220;Apogons&#8221; est un projet \u00e0 construire.<\/p>\n\n\n\n<p class=\"has-text-align-center\">Et puis, si la plong\u00e9e reste sans conteste le seul sport qui vaille (!), nous souhaitons aussi que chacun y apporte sa contribution : pourquoi ne pas sortir aussi en montagne, en \u00e9t\u00e9 ou en hiver, visiter des aquariums et des mus\u00e9es, ou toute autre chose que nous serons satisfaits de faire ensemble ?<br><br><\/p>\n\n\n\n<figure class=\"wp-block-table\"><table class=\"has-fixed-layout\"><tbody><tr><td><\/td><td><h2 class=\"wp-block-heading has-text-align-center\">FORMATION PLONG\u00c9E<\/h2><br>Formations possibles (<a href=\"https:\/\/www.fsgt.org\/activites\/plongee\/\" data-type=\"link\" data-id=\"https:\/\/www.fsgt.org\/activites\/plongee\/\">FSGT<\/a>) de l&#8217;initiation au perfectionnement, de la d\u00e9couverte \u00e0 l&#8217;autonomie ou \u00e0 l&#8217;encadrement ;<br><br>en mer et en piscine ;<br><br>toujours avec un moniteur f\u00e9d\u00e9ral !<\/td><td><\/td><td><\/td><td><\/td><td><\/td><td><\/td><\/tr><\/tbody><\/table><\/figure>\n\n\n\n<p><\/p>\n","protected":false},"excerpt":{"rendered":"<p>Le projet &#8220;Apogons&#8221; L&#8217;apogon (apogon imberbis) est un poisson de M\u00e9diterran\u00e9e tr\u00e8s courant mais trop peu souvent observ\u00e9 : il vit cach\u00e9, sort peu le jour, ne s&#8217;\u00e9loigne gu\u00e8re de son abri, bref c&#8217;est un animal discret. Soyons \u00e0 la mer ce que l&#8217;apogon est pour nous : des \u00eatres modestes, peu tapageurs et peu [&hellip;]<\/p>\n","protected":false},"author":1,"featured_media":0,"parent":0,"menu_order":0,"comment_status":"closed","ping_status":"closed","template":"","meta":{"footnotes":""},"class_list":["post-2","page","type-page","status-publish","hentry"],"_links":{"self":[{"href":"https:\/\/apogonplongee.fr\/index.php\/wp-json\/wp\/v2\/pages\/2","targetHints":{"allow":["GET"]}}],"collection":[{"href":"https:\/\/apogonplongee.fr\/index.php\/wp-json\/wp\/v2\/pages"}],"about":[{"href":"https:\/\/apogonplongee.fr\/index.php\/wp-json\/wp\/v2\/types\/page"}],"author":[{"embeddable":true,"href":"https:\/\/apogonplongee.fr\/index.php\/wp-json\/wp\/v2\/users\/1"}],"replies":[{"embeddable":true,"href":"https:\/\/apogonplongee.fr\/index.php\/wp-json\/wp\/v2\/comments?post=2"}],"version-history":[{"count":25,"href":"https:\/\/apogonplongee.fr\/index.php\/wp-json\/wp\/v2\/pages\/2\/revisions"}],"predecessor-version":[{"id":80,"href":"https:\/\/apogonplongee.fr\/index.php\/wp-json\/wp\/v2\/pages\/2\/revisions\/80"}],"wp:attachment":[{"href":"https:\/\/apogonplongee.fr\/index.php\/wp-json\/wp\/v2\/media?parent=2"}],"curies":[{"name":"wp","href":"https:\/\/api.w.org\/{rel}","templated":true}]}}