{"id":18,"date":"2025-07-25T15:08:44","date_gmt":"2025-07-25T15:08:44","guid":{"rendered":"http:\/\/earpwzv.cluster021.hosting.ovh.net\/?page_id=18"},"modified":"2025-09-03T08:01:50","modified_gmt":"2025-09-03T08:01:50","slug":"informations","status":"publish","type":"page","link":"https:\/\/apogonplongee.fr\/index.php\/informations\/","title":{"rendered":"Informations"},"content":{"rendered":"\n<h2 class=\"wp-block-heading\">Documents officiels<\/h2>\n\n\n\n<h5 class=\"wp-block-heading\">STATUTS<\/h5>\n\n\n\n<p>Ci-dessous les Statuts de l&#8217;association tels que d\u00e9pos\u00e9s en pr\u00e9fecture : <a href=\"https:\/\/www.dropbox.com\/scl\/fi\/gktmhfilkvkxh8wjxk7ug\/AP06Statuts2023.pdf?rlkey=escnwjyo984wb49v8q6dra73u&amp;dl=0\" target=\"_blank\" rel=\"noreferrer noopener\">par ici !<\/a><\/p>\n\n\n\n<h5 class=\"wp-block-heading\">R\u00c8GLEMENT INT\u00c9RIEUR<\/h5>\n\n\n\n<p>Ci-dessous le R\u00e8glement int\u00e9rieur adopt\u00e9 lors de l&#8217;assembl\u00e9e constituante du 16 juin 2019 : <a href=\"https:\/\/www.dropbox.com\/s\/5kws1hh2f669ir9\/AP06%20RI%202019.pdf?dl=0\" target=\"_blank\" rel=\"noreferrer noopener\">par l\u00e0 !<\/a><\/p>\n\n\n\n<h5 class=\"wp-block-heading\">D\u00c9CLARATION<\/h5>\n\n\n\n<p>Enfin, la copie du Journal Officiel prouvant notre existence l\u00e9gale : <a href=\"https:\/\/www.dropbox.com\/s\/o3i40lq99tc9n8k\/JOAFE%20-%20Temoin%20publication%2013.07.19.pdf?dl=0\" target=\"_blank\" rel=\"noreferrer noopener\">de ce c\u00f4t\u00e9 !<\/a><\/p>\n\n\n\n<h5 class=\"wp-block-heading\">PROC\u00c8S-VERBAL<br>AG 2025<\/h5>\n\n\n\n<p>\u200bLe PV de l&#8217;Assembl\u00e9e G\u00e9n\u00e9rale annuelle : <a href=\"https:\/\/www.dropbox.com\/scl\/fi\/fzxmc3dvb1nax4a7hs1e7\/2025-PV-AG-annuelle.pdf?rlkey=cb9rksaod3oe1adlfu0tba7xw&amp;st=kb3fwo24&amp;dl=0\" target=\"_blank\" rel=\"noreferrer noopener\">ici !<\/a><\/p>\n\n\n\n<p><\/p>\n\n\n\n<h2 class=\"wp-block-heading\">Tarifs 2025-2026<\/h2>\n\n\n\n<p>\u200b\u200bLes tarifs ci-dessous servent \u00e0 assumer les frais de fonctionnement de l&#8217;association (dont la location \/ achat et l&#8217;entretien du mat\u00e9riel qui vous est pr\u00eat\u00e9).<\/p>\n\n\n\n<p>L&#8217;association n&#8217;a pas et n&#8217;aura pas de salari\u00e9. Il s&#8217;agit d&#8217;un projet associatif et b\u00e9n\u00e9vole dont les b\u00e9n\u00e9fices se veulent immat\u00e9riels (voir nos <a href=\"https:\/\/www.apogonplongee.fr\">objectifs<\/a>).<\/p>\n\n\n\n<p>\u200b<\/p>\n\n\n\n<p>Votre participation financi\u00e8re se compose de trois \u00e9l\u00e9ments :<\/p>\n\n\n\n<ul class=\"wp-block-list\">\n<li>l&#8217;adh\u00e9sion<\/li>\n\n\n\n<li>la formation (si n\u00e9cessaire)<\/li>\n\n\n\n<li>le paiement des plong\u00e9es (par 5 ou 10 sous forme de carte)<\/li>\n<\/ul>\n\n\n\n<p>\u200b<\/p>\n\n\n\n<p><strong>&#8211; L&#8217;adh\u00e9sion &#8211;<\/strong><\/p>\n\n\n\n<p>\u200b<\/p>\n\n\n\n<p>L&#8217;<strong>adh\u00e9sion<\/strong> est obligatoire (le tarif inclut la licence f\u00e9d\u00e9rale annuelle, une assurance Responsabilit\u00e9 Civile et une assurance Individuelle Accident) et va de septembre \u00e0 ao\u00fbt de l&#8217;ann\u00e9e suivante. Elle co\u00fbte :<\/p>\n\n\n\n<p>\u200b<\/p>\n\n\n\n<ul class=\"wp-block-list\">\n<li>Adh\u00e9sion individuelle (&gt; 14 ans) : <strong>140 euros<\/strong><\/li>\n\n\n\n<li>Adh\u00e9sion en famille (&gt; 14 ans ; 2 personnes et +) : <strong>125 euros \/ personne<\/strong><\/li>\n\n\n\n<li>Adh\u00e9sion demi-saison (&lt; 14 ans ; \u00e0 partir de mars de l&#8217;ann\u00e9e en cours) : <strong>90 euros<\/strong><\/li>\n<\/ul>\n\n\n\n<h6 class=\"wp-block-heading\"><strong>\u200b<\/strong><\/h6>\n\n\n\n<h6 class=\"wp-block-heading\">Pour l&#8217;instant, l&#8217;association n&#8217;a pas les moyens mat\u00e9riels et humains pour permettre la pratique de la plong\u00e9e enfant (&lt;14 ans). Les ado voulant pratiquer sont les bienvenus mais ils devront \u00eatre accompagn\u00e9s (hormis lors des plong\u00e9es).<\/h6>\n\n\n\n<h6 class=\"wp-block-heading\">\u200b<\/h6>\n\n\n\n<h6 class=\"wp-block-heading\"><strong>&#8211; La formation &#8211;<\/strong><\/h6>\n\n\n\n<h6 class=\"wp-block-heading\">\u200b<\/h6>\n\n\n\n<h6 class=\"wp-block-heading\">Les <strong>formations <\/strong>sont optionnelles (sauf pour les d\u00e9butants). Elles incluent les frais de formation, les fascicules th\u00e9oriques, l&#8217;examen et la carte de niveau. Ces formations co\u00fbtent (les plong\u00e9es ne sont pas incluses) :<\/h6>\n\n\n\n<h6 class=\"wp-block-heading\">\u200b<\/h6>\n\n\n\n<ul class=\"wp-block-list\">\n<li>Formation initiale (d\u00e9butant &#8211; niveau 1 ; PE40 seul ; nitrox basique) : <strong>50 euros<\/strong><\/li>\n\n\n\n<li>Formations avanc\u00e9es (PA20 seul ; niveau 2 ; PA40 ; niveau 3 ; nitrox avanc\u00e9) :&nbsp; <strong>100 euros<\/strong><\/li>\n\n\n\n<li>Formation \u00e0 l&#8217;encadrement (E1 \u00e0 E4) : <strong>s&#8217;engager \u00e0 encadrer <\/strong>au sein de l&#8217;asso !<\/li>\n<\/ul>\n\n\n\n<h6 class=\"wp-block-heading\">\u200b<\/h6>\n\n\n\n<h6 class=\"wp-block-heading\"><strong>&#8211; Les plong\u00e9es &#8211;<\/strong><\/h6>\n\n\n\n<h6 class=\"wp-block-heading\">\u200b<\/h6>\n\n\n\n<h6 class=\"wp-block-heading\">Les <strong>plong\u00e9es<\/strong> se font chez un prestataire (centre professionnel) conventionn\u00e9. Une partie du co\u00fbt est pris en charge par l&#8217;association. Cependant, nous demandons \u00e0 ce que vos plong\u00e9es soient pay\u00e9es d&#8217;avance :<\/h6>\n\n\n\n<h6 class=\"wp-block-heading\">\u200b<\/h6>\n\n\n\n<ul class=\"wp-block-list\">\n<li>Carte 5 plong\u00e9es : <strong>150 euros<\/strong><\/li>\n\n\n\n<li>Carte 10 plong\u00e9es : <strong>300 euros<\/strong><\/li>\n<\/ul>\n\n\n\n<h6 class=\"wp-block-heading\"><strong>\u200b<\/strong><\/h6>\n\n\n\n<h6 class=\"wp-block-heading\">Si tout ceci n&#8217;est pas clair, vous pouvez vous reporter au formulaire d&#8217;adh\u00e9sion en ligne <a href=\"https:\/\/www.helloasso.com\/associations\/apogon-plongee\/adhesions\/adhesion-annuelle\" target=\"_blank\" rel=\"noreferrer noopener\">par ici<\/a>.<\/h6>\n\n\n\n<h6 class=\"wp-block-heading\"><strong>\u200b<\/strong><\/h6>\n\n\n\n<h6 class=\"wp-block-heading\"><strong>\u200b<\/strong><\/h6>\n\n\n\n<h6 class=\"wp-block-heading\"><strong>Remarque<\/strong> : oui, nos tarifs peuvent \u00eatre plus attractifs que ceux des professionnels et oui il peut \u00eatre int\u00e9ressant financi\u00e8rement de plonger en association. Mais ce calcul oublie une donn\u00e9e fondamentale : non vous ne payez pas un service et oui il faudra s\u00fbrement que vous donniez un peu de votre temps et de votre \u00e9nergie pour aider au fonctionnement car apr\u00e8s tout, nous sommes tous b\u00e9n\u00e9voles !<\/h6>\n","protected":false},"excerpt":{"rendered":"<p>Documents officiels STATUTS Ci-dessous les Statuts de l&#8217;association tels que d\u00e9pos\u00e9s en pr\u00e9fecture : par ici ! R\u00c8GLEMENT INT\u00c9RIEUR Ci-dessous le R\u00e8glement int\u00e9rieur adopt\u00e9 lors de l&#8217;assembl\u00e9e constituante du 16 juin 2019 : par l\u00e0 ! D\u00c9CLARATION Enfin, la copie du Journal Officiel prouvant notre existence l\u00e9gale : de ce c\u00f4t\u00e9 ! PROC\u00c8S-VERBALAG 2025 \u200bLe [&hellip;]<\/p>\n","protected":false},"author":1,"featured_media":0,"parent":0,"menu_order":0,"comment_status":"closed","ping_status":"closed","template":"","meta":{"footnotes":""},"class_list":["post-18","page","type-page","status-publish","hentry"],"_links":{"self":[{"href":"https:\/\/apogonplongee.fr\/index.php\/wp-json\/wp\/v2\/pages\/18","targetHints":{"allow":["GET"]}}],"collection":[{"href":"https:\/\/apogonplongee.fr\/index.php\/wp-json\/wp\/v2\/pages"}],"about":[{"href":"https:\/\/apogonplongee.fr\/index.php\/wp-json\/wp\/v2\/types\/page"}],"author":[{"embeddable":true,"href":"https:\/\/apogonplongee.fr\/index.php\/wp-json\/wp\/v2\/users\/1"}],"replies":[{"embeddable":true,"href":"https:\/\/apogonplongee.fr\/index.php\/wp-json\/wp\/v2\/comments?post=18"}],"version-history":[{"count":2,"href":"https:\/\/apogonplongee.fr\/index.php\/wp-json\/wp\/v2\/pages\/18\/revisions"}],"predecessor-version":[{"id":93,"href":"https:\/\/apogonplongee.fr\/index.php\/wp-json\/wp\/v2\/pages\/18\/revisions\/93"}],"wp:attachment":[{"href":"https:\/\/apogonplongee.fr\/index.php\/wp-json\/wp\/v2\/media?parent=18"}],"curies":[{"name":"wp","href":"https:\/\/api.w.org\/{rel}","templated":true}]}}